{"id":3165,"date":"2014-10-20T15:20:23","date_gmt":"2014-10-20T15:20:23","guid":{"rendered":"http:\/\/www.clinicasanvicente.es\/fr\/instalaciones\/"},"modified":"2017-02-22T18:32:05","modified_gmt":"2017-02-22T16:32:05","slug":"installations","status":"publish","type":"page","link":"https:\/\/www.clinicasanvicente.es\/fr\/installations\/","title":{"rendered":"Installations"},"content":{"rendered":"[vc_row][vc_column][vc_column_text]<span lang=\"FR\">La Clinica San Vicente, situ\u00e9e dans le quartier de Madrid de Mirasierra, est un b\u00e2timent libre de barri\u00e8re architectonique avec une surface de <\/span><b><span lang=\"FR\">3000 m\u00e8tres <\/span><\/b><span lang=\"FR\">carr\u00e9s.<\/span><\/p>\n<p><span lang=\"FR\">La conception de la clinique, construite en 2004, est totalement moderne, domotique horizontale, lumineuse et avec une distribution qui rend in\u00e9vitable le contact continu entre les diff\u00e9rentes sp\u00e9cialit\u00e9s.<\/span><\/p>\n<p><span lang=\"FR\">La zone d&#8217;hospitalisation est s\u00e9par\u00e9e de la zone de consultations et de th\u00e9rapies pour rendre compatible les programmes en r\u00e9gime d&#8217;hospitalisation et ambulatoire.<\/span><\/p>\n<p><span lang=\"FR\">L&#8217;\u00e9tage dispose de <\/span><b><span lang=\"FR\">72 salles<\/span><\/b><span lang=\"FR\"> parmi lesquelles nous trouvons des chambres d&#8217;hospitalisation, des sales d&#8217;exploration et des cabinets de consultation, un <\/span><b><span lang=\"FR\">laboratoire de Neurophysiologie et d&#8217;\u00c9chographies, un gymnase et une salle de box<\/span><\/b><span lang=\"FR\">, une salle de <\/span><b><span lang=\"FR\">Th\u00e9rapie d&#8217;orthophonie, de neuropsychologie, une salle de th\u00e9rapie occupationnelle <\/span><\/b><span lang=\"FR\">(avec un espace sp\u00e9cifique pour la r\u00e9alit\u00e9 virtuelle), Administration, Archive, Contr\u00f4le d&#8217;infirmerie, hall de distribution, salle \u00e0 manger et chambre du m\u00e9decin de garde. Elles disposent toutes de syst\u00e8mes de communication avec le contr\u00f4le d&#8217;infirmerie, un acc\u00e8s \u00e0 internet et un bain adapt\u00e9 pour les chaises roulantes. L&#8217;ensemble des installations est <\/span><b><span lang=\"FR\">contr\u00f4l\u00e9 avec des cam\u00e9ras de surveillance<\/span><\/b><span lang=\"FR\">. Les portes d&#8217;entr\u00e9e et de sortie sont codifi\u00e9es afin de prot\u00e9ger les patients souffrant de d\u00e9sorientation.<\/span><\/p>\n<p><span lang=\"FR\">Le p\u00e9rim\u00e8tre du b\u00e2timent dispose de zones sp\u00e9cifiques d&#8217;entra\u00eenement et de r\u00e9adaptation pour les activit\u00e9s de base de la vie quotidienne.<\/span><\/p>\n<p><span lang=\"FR\">Services centraux annexes \u00e0 l&#8217;\u00e9tage : Caf\u00e9t\u00e9ria, blanchisserie, coiffeur, auditoire et parking.<\/span>[\/vc_column_text][\/vc_column][\/vc_row][vc_row][vc_column][vc_gallery type=&#8221;image_grid&#8221; images=&#8221;2593,2594,2595,2596,2598,2599,2600,2601,2602,2603,2604,2589,2588,2587,2597,2631,2632,2633,2634,2635,2636,2637,2638,2639,2640,2641,2642,2643,2644,2645&#8243; title=&#8221;Installations&#8221;][\/vc_column][\/vc_row]\n","protected":false},"excerpt":{"rendered":"<p>[vc_row][vc_column][vc_column_text]La Clinica San Vicente, situ\u00e9e dans le quartier de Madrid de Mirasierra, est un b\u00e2timent libre de barri\u00e8re architectonique avec une surface de 3000 m\u00e8tres carr\u00e9s. La conception de la clinique, construite en 2004, est totalement moderne, domotique horizontale, lumineuse et avec une distribution qui rend in\u00e9vitable le contact continu entre les diff\u00e9rentes sp\u00e9cialit\u00e9s. La zone d&#8217;hospitalisation est s\u00e9par\u00e9e de la zone de consultations et de th\u00e9rapies pour rendre compatible les programmes en r\u00e9gime d&#8217;hospitalisation et ambulatoire. L&#8217;\u00e9tage dispose de 72 salles parmi lesquelles nous trouvons des chambres d&#8217;hospitalisation, des sales d&#8217;exploration et des cabinets de consultation, un laboratoire de Neurophysiologie et d&#8217;\u00c9chographies, un gymnase et une salle de box, une salle de Th\u00e9rapie d&#8217;orthophonie, de neuropsychologie, une salle de th\u00e9rapie occupationnelle (avec un espace sp\u00e9cifique pour la r\u00e9alit\u00e9 virtuelle), Administration, Archive, Contr\u00f4le d&#8217;infirmerie, hall de distribution, salle \u00e0 manger et chambre du m\u00e9decin de garde. Elles disposent toutes de syst\u00e8mes de communication avec le contr\u00f4le d&#8217;infirmerie, un acc\u00e8s \u00e0 internet et un bain adapt\u00e9 pour les chaises roulantes. L&#8217;ensemble des installations est contr\u00f4l\u00e9 avec des cam\u00e9ras de surveillance. Les portes d&#8217;entr\u00e9e et de sortie sont codifi\u00e9es afin de prot\u00e9ger les patients souffrant de d\u00e9sorientation. Le p\u00e9rim\u00e8tre du b\u00e2timent dispose de zones sp\u00e9cifiques d&#8217;entra\u00eenement et de r\u00e9adaptation pour les activit\u00e9s de base de la vie quotidienne. Services centraux annexes \u00e0 l&#8217;\u00e9tage : Caf\u00e9t\u00e9ria, blanchisserie, coiffeur, auditoire et parking.[\/vc_column_text][\/vc_column][\/vc_row][vc_row][vc_column][vc_gallery type=&#8221;image_grid&#8221; images=&#8221;2593,2594,2595,2596,2598,2599,2600,2601,2602,2603,2604,2589,2588,2587,2597,2631,2632,2633,2634,2635,2636,2637,2638,2639,2640,2641,2642,2643,2644,2645&#8243; title=&#8221;Installations&#8221;][\/vc_column][\/vc_row]<\/p>\n","protected":false},"author":1,"featured_media":0,"parent":0,"menu_order":0,"comment_status":"open","ping_status":"open","template":"","meta":[],"_links":{"self":[{"href":"https:\/\/www.clinicasanvicente.es\/fr\/wp-json\/wp\/v2\/pages\/3165"}],"collection":[{"href":"https:\/\/www.clinicasanvicente.es\/fr\/wp-json\/wp\/v2\/pages"}],"about":[{"href":"https:\/\/www.clinicasanvicente.es\/fr\/wp-json\/wp\/v2\/types\/page"}],"author":[{"embeddable":true,"href":"https:\/\/www.clinicasanvicente.es\/fr\/wp-json\/wp\/v2\/users\/1"}],"replies":[{"embeddable":true,"href":"https:\/\/www.clinicasanvicente.es\/fr\/wp-json\/wp\/v2\/comments?post=3165"}],"version-history":[{"count":3,"href":"https:\/\/www.clinicasanvicente.es\/fr\/wp-json\/wp\/v2\/pages\/3165\/revisions"}],"predecessor-version":[{"id":4048,"href":"https:\/\/www.clinicasanvicente.es\/fr\/wp-json\/wp\/v2\/pages\/3165\/revisions\/4048"}],"wp:attachment":[{"href":"https:\/\/www.clinicasanvicente.es\/fr\/wp-json\/wp\/v2\/media?parent=3165"}],"curies":[{"name":"wp","href":"https:\/\/api.w.org\/{rel}","templated":true}]}}